{"id":8,"date":"2023-04-25T20:56:27","date_gmt":"2023-04-25T18:56:27","guid":{"rendered":"https:\/\/abrejou.fr\/?page_id=8"},"modified":"2023-05-15T17:41:51","modified_gmt":"2023-05-15T15:41:51","slug":"bienvenue","status":"publish","type":"page","link":"https:\/\/abrejou.fr\/?page_id=8","title":{"rendered":"La visite de l&rsquo;Abrejou"},"content":{"rendered":"\n<div class=\"wp-block-query is-layout-flow wp-block-query-is-layout-flow\">\n<div class=\"wp-block-columns is-layout-flex wp-container-core-columns-is-layout-28f84493 wp-block-columns-is-layout-flex\">\n<div class=\"wp-block-column is-layout-flow wp-block-column-is-layout-flow\" style=\"flex-basis:100%\">\n<div class=\"wp-block-columns is-layout-flex wp-container-core-columns-is-layout-28f84493 wp-block-columns-is-layout-flex\">\n<div class=\"wp-block-column is-layout-flow wp-block-column-is-layout-flow\">\n<div class=\"wp-block-columns are-vertically-aligned-center is-layout-flex wp-container-core-columns-is-layout-28f84493 wp-block-columns-is-layout-flex\">\n<div class=\"wp-block-column is-vertically-aligned-center is-layout-flow wp-block-column-is-layout-flow\">\n<p class=\"has-text-align-right\"><strong>L&rsquo;Abrejou, ou \u00ab\u00a0Perchoir\u00a0\u00bb en Bourbonnais est amm\u00e9nag\u00e9 sur trois niveaux. C&rsquo;est un ancien pigeonnier, r\u00e9nov\u00e9 avec soin, pour garder l&rsquo;\u00e2me du b\u00e2ti. Bois, pierre, fer et verre ont \u00e9t\u00e9 la ligne de conduite pour la restauration<\/strong>.<\/p>\n<\/div>\n\n\n\n<div class=\"wp-block-column is-vertically-aligned-bottom is-layout-flow wp-block-column-is-layout-flow\">\n<figure class=\"wp-block-image size-large is-style-default\"><img loading=\"lazy\" decoding=\"async\" width=\"1024\" height=\"768\" src=\"https:\/\/abrejou.fr\/wp-content\/uploads\/2023\/05\/lit-1-1024x768.jpg\" alt=\"\" class=\"wp-image-36\" srcset=\"https:\/\/abrejou.fr\/wp-content\/uploads\/2023\/05\/lit-1-1024x768.jpg 1024w, https:\/\/abrejou.fr\/wp-content\/uploads\/2023\/05\/lit-1-300x225.jpg 300w, https:\/\/abrejou.fr\/wp-content\/uploads\/2023\/05\/lit-1-768x576.jpg 768w, https:\/\/abrejou.fr\/wp-content\/uploads\/2023\/05\/lit-1-1536x1152.jpg 1536w, https:\/\/abrejou.fr\/wp-content\/uploads\/2023\/05\/lit-1.jpg 1944w\" sizes=\"auto, (max-width: 1024px) 100vw, 1024px\" \/><\/figure>\n<\/div>\n<\/div>\n\n\n\n<p><\/p>\n<\/div>\n<\/div>\n<\/div>\n<\/div>\n<\/div>\n\n\n\n<p><strong>Terrasse priv\u00e9e -Tisanerie &#8211; Lit 180 super confort &#8211; Petits d\u00e9jeuners <\/strong><\/p>\n\n\n\n<p><strong>Parking &#8211; Wifi &#8211; Tandem \u00e0 disposition &#8211; Chemins de randonn\u00e9e<\/strong><\/p>\n\n\n\n<figure class=\"wp-block-gallery has-nested-images columns-default is-cropped wp-block-gallery-1 is-layout-flex wp-block-gallery-is-layout-flex\">\n<figure class=\"wp-block-image size-large\"><img loading=\"lazy\" decoding=\"async\" width=\"1024\" height=\"768\" data-id=\"38\" src=\"https:\/\/abrejou.fr\/wp-content\/uploads\/2023\/05\/Salon-2-1024x768.jpg\" alt=\"\" class=\"wp-image-38\" srcset=\"https:\/\/abrejou.fr\/wp-content\/uploads\/2023\/05\/Salon-2-1024x768.jpg 1024w, https:\/\/abrejou.fr\/wp-content\/uploads\/2023\/05\/Salon-2-300x225.jpg 300w, https:\/\/abrejou.fr\/wp-content\/uploads\/2023\/05\/Salon-2-768x576.jpg 768w, https:\/\/abrejou.fr\/wp-content\/uploads\/2023\/05\/Salon-2-1536x1152.jpg 1536w, https:\/\/abrejou.fr\/wp-content\/uploads\/2023\/05\/Salon-2-2048x1536.jpg 2048w\" sizes=\"auto, (max-width: 1024px) 100vw, 1024px\" \/><\/figure>\n\n\n\n<figure class=\"wp-block-image size-large\"><img loading=\"lazy\" decoding=\"async\" width=\"1024\" height=\"768\" data-id=\"39\" src=\"https:\/\/abrejou.fr\/wp-content\/uploads\/2023\/05\/Salon-1024x768.jpg\" alt=\"\" class=\"wp-image-39\" srcset=\"https:\/\/abrejou.fr\/wp-content\/uploads\/2023\/05\/Salon-1024x768.jpg 1024w, https:\/\/abrejou.fr\/wp-content\/uploads\/2023\/05\/Salon-300x225.jpg 300w, https:\/\/abrejou.fr\/wp-content\/uploads\/2023\/05\/Salon-768x576.jpg 768w, https:\/\/abrejou.fr\/wp-content\/uploads\/2023\/05\/Salon-1536x1152.jpg 1536w, https:\/\/abrejou.fr\/wp-content\/uploads\/2023\/05\/Salon-2048x1536.jpg 2048w\" sizes=\"auto, (max-width: 1024px) 100vw, 1024px\" \/><\/figure>\n\n\n\n<figure class=\"wp-block-image size-large\"><img loading=\"lazy\" decoding=\"async\" width=\"1024\" height=\"768\" data-id=\"40\" src=\"https:\/\/abrejou.fr\/wp-content\/uploads\/2023\/05\/Salon-1-1024x768.jpg\" alt=\"\" class=\"wp-image-40\" srcset=\"https:\/\/abrejou.fr\/wp-content\/uploads\/2023\/05\/Salon-1-1024x768.jpg 1024w, https:\/\/abrejou.fr\/wp-content\/uploads\/2023\/05\/Salon-1-300x225.jpg 300w, https:\/\/abrejou.fr\/wp-content\/uploads\/2023\/05\/Salon-1-768x576.jpg 768w, https:\/\/abrejou.fr\/wp-content\/uploads\/2023\/05\/Salon-1-1536x1152.jpg 1536w, https:\/\/abrejou.fr\/wp-content\/uploads\/2023\/05\/Salon-1.jpg 1944w\" sizes=\"auto, (max-width: 1024px) 100vw, 1024px\" \/><\/figure>\n\n\n\n<figure class=\"wp-block-image size-large\"><img loading=\"lazy\" decoding=\"async\" width=\"1024\" height=\"768\" data-id=\"41\" src=\"https:\/\/abrejou.fr\/wp-content\/uploads\/2023\/05\/lavabo-1024x768.jpg\" alt=\"\" class=\"wp-image-41\" srcset=\"https:\/\/abrejou.fr\/wp-content\/uploads\/2023\/05\/lavabo-1024x768.jpg 1024w, https:\/\/abrejou.fr\/wp-content\/uploads\/2023\/05\/lavabo-300x225.jpg 300w, https:\/\/abrejou.fr\/wp-content\/uploads\/2023\/05\/lavabo-768x576.jpg 768w, https:\/\/abrejou.fr\/wp-content\/uploads\/2023\/05\/lavabo-1536x1152.jpg 1536w, https:\/\/abrejou.fr\/wp-content\/uploads\/2023\/05\/lavabo-2048x1536.jpg 2048w\" sizes=\"auto, (max-width: 1024px) 100vw, 1024px\" \/><\/figure>\n\n\n\n<figure class=\"wp-block-image size-large\"><img loading=\"lazy\" decoding=\"async\" width=\"1024\" height=\"768\" data-id=\"42\" src=\"https:\/\/abrejou.fr\/wp-content\/uploads\/2023\/05\/Terrasse-1024x768.jpg\" alt=\"\" class=\"wp-image-42\" srcset=\"https:\/\/abrejou.fr\/wp-content\/uploads\/2023\/05\/Terrasse-1024x768.jpg 1024w, https:\/\/abrejou.fr\/wp-content\/uploads\/2023\/05\/Terrasse-300x225.jpg 300w, https:\/\/abrejou.fr\/wp-content\/uploads\/2023\/05\/Terrasse-768x576.jpg 768w, https:\/\/abrejou.fr\/wp-content\/uploads\/2023\/05\/Terrasse-1536x1152.jpg 1536w, https:\/\/abrejou.fr\/wp-content\/uploads\/2023\/05\/Terrasse-2048x1536.jpg 2048w\" sizes=\"auto, (max-width: 1024px) 100vw, 1024px\" \/><\/figure>\n\n\n\n<figure class=\"wp-block-image size-large\"><img loading=\"lazy\" decoding=\"async\" width=\"1024\" height=\"768\" data-id=\"37\" src=\"https:\/\/abrejou.fr\/wp-content\/uploads\/2023\/05\/Escalier-1024x768.jpg\" alt=\"\" class=\"wp-image-37\" srcset=\"https:\/\/abrejou.fr\/wp-content\/uploads\/2023\/05\/Escalier-1024x768.jpg 1024w, https:\/\/abrejou.fr\/wp-content\/uploads\/2023\/05\/Escalier-300x225.jpg 300w, https:\/\/abrejou.fr\/wp-content\/uploads\/2023\/05\/Escalier-768x576.jpg 768w, https:\/\/abrejou.fr\/wp-content\/uploads\/2023\/05\/Escalier-1536x1152.jpg 1536w, https:\/\/abrejou.fr\/wp-content\/uploads\/2023\/05\/Escalier.jpg 1944w\" sizes=\"auto, (max-width: 1024px) 100vw, 1024px\" \/><\/figure>\n\n\n\n<figure class=\"wp-block-image size-large\"><img loading=\"lazy\" decoding=\"async\" width=\"720\" height=\"961\" data-id=\"35\" src=\"https:\/\/abrejou.fr\/wp-content\/uploads\/2023\/05\/Douche.jpg\" alt=\"\" class=\"wp-image-35\" srcset=\"https:\/\/abrejou.fr\/wp-content\/uploads\/2023\/05\/Douche.jpg 720w, https:\/\/abrejou.fr\/wp-content\/uploads\/2023\/05\/Douche-225x300.jpg 225w\" sizes=\"auto, (max-width: 720px) 100vw, 720px\" \/><\/figure>\n\n\n\n<figure class=\"wp-block-image size-large\"><img loading=\"lazy\" decoding=\"async\" width=\"1024\" height=\"685\" data-id=\"55\" src=\"https:\/\/abrejou.fr\/wp-content\/uploads\/2023\/05\/Chemin-aux-Chambauds.jpg\" alt=\"\" class=\"wp-image-55\" srcset=\"https:\/\/abrejou.fr\/wp-content\/uploads\/2023\/05\/Chemin-aux-Chambauds.jpg 1024w, https:\/\/abrejou.fr\/wp-content\/uploads\/2023\/05\/Chemin-aux-Chambauds-300x201.jpg 300w, https:\/\/abrejou.fr\/wp-content\/uploads\/2023\/05\/Chemin-aux-Chambauds-768x514.jpg 768w\" sizes=\"auto, (max-width: 1024px) 100vw, 1024px\" \/><\/figure>\n\n\n\n<figure class=\"wp-block-image size-large\"><img loading=\"lazy\" decoding=\"async\" width=\"768\" height=\"1024\" data-id=\"59\" src=\"https:\/\/abrejou.fr\/wp-content\/uploads\/2023\/05\/DSC08135-768x1024.jpg\" alt=\"\" class=\"wp-image-59\" srcset=\"https:\/\/abrejou.fr\/wp-content\/uploads\/2023\/05\/DSC08135-768x1024.jpg 768w, https:\/\/abrejou.fr\/wp-content\/uploads\/2023\/05\/DSC08135-225x300.jpg 225w, https:\/\/abrejou.fr\/wp-content\/uploads\/2023\/05\/DSC08135-1152x1536.jpg 1152w, https:\/\/abrejou.fr\/wp-content\/uploads\/2023\/05\/DSC08135-1536x2048.jpg 1536w, https:\/\/abrejou.fr\/wp-content\/uploads\/2023\/05\/DSC08135-scaled.jpg 1920w\" sizes=\"auto, (max-width: 768px) 100vw, 768px\" \/><\/figure>\n<\/figure>\n\n\n\n<p><\/p>\n\n\n<div class=\"is-default-size wp-block-site-logo\"><a href=\"https:\/\/abrejou.fr\/\" class=\"custom-logo-link\" rel=\"home\"><img loading=\"lazy\" decoding=\"async\" width=\"1004\" height=\"652\" src=\"https:\/\/abrejou.fr\/wp-content\/uploads\/2023\/05\/logo-feuille-velo.pub2_.png\" class=\"custom-logo\" alt=\"WordPress\" srcset=\"https:\/\/abrejou.fr\/wp-content\/uploads\/2023\/05\/logo-feuille-velo.pub2_.png 1004w, https:\/\/abrejou.fr\/wp-content\/uploads\/2023\/05\/logo-feuille-velo.pub2_-300x195.png 300w, https:\/\/abrejou.fr\/wp-content\/uploads\/2023\/05\/logo-feuille-velo.pub2_-768x499.png 768w\" sizes=\"auto, (max-width: 1004px) 100vw, 1004px\" \/><\/a><\/div>\n\n<p class=\"wp-block-site-tagline\">L&#039;Abrejou &#8211; Chambre d&#039;h\u00f4tes en Bourbonnais &#8211; Allier &#8211; Auvergne<\/p>","protected":false},"excerpt":{"rendered":"<p>Terrasse priv\u00e9e -Tisanerie &#8211; Lit 180 super confort &#8211; Petits d\u00e9jeuners Parking &#8211; Wifi &#8211; Tandem \u00e0 disposition &#8211; Chemins de randonn\u00e9e<\/p>\n","protected":false},"author":1,"featured_media":0,"parent":0,"menu_order":0,"comment_status":"closed","ping_status":"closed","template":"","meta":{"footnotes":""},"class_list":["post-8","page","type-page","status-publish","hentry"],"_links":{"self":[{"href":"https:\/\/abrejou.fr\/index.php?rest_route=\/wp\/v2\/pages\/8","targetHints":{"allow":["GET"]}}],"collection":[{"href":"https:\/\/abrejou.fr\/index.php?rest_route=\/wp\/v2\/pages"}],"about":[{"href":"https:\/\/abrejou.fr\/index.php?rest_route=\/wp\/v2\/types\/page"}],"author":[{"embeddable":true,"href":"https:\/\/abrejou.fr\/index.php?rest_route=\/wp\/v2\/users\/1"}],"replies":[{"embeddable":true,"href":"https:\/\/abrejou.fr\/index.php?rest_route=%2Fwp%2Fv2%2Fcomments&post=8"}],"version-history":[{"count":14,"href":"https:\/\/abrejou.fr\/index.php?rest_route=\/wp\/v2\/pages\/8\/revisions"}],"predecessor-version":[{"id":98,"href":"https:\/\/abrejou.fr\/index.php?rest_route=\/wp\/v2\/pages\/8\/revisions\/98"}],"wp:attachment":[{"href":"https:\/\/abrejou.fr\/index.php?rest_route=%2Fwp%2Fv2%2Fmedia&parent=8"}],"curies":[{"name":"wp","href":"https:\/\/api.w.org\/{rel}","templated":true}]}}