{"id":82,"date":"2023-05-15T17:15:32","date_gmt":"2023-05-15T15:15:32","guid":{"rendered":"https:\/\/abrejou.fr\/?page_id=82"},"modified":"2023-05-15T17:41:02","modified_gmt":"2023-05-15T15:41:02","slug":"bienvenue-2","status":"publish","type":"page","link":"https:\/\/abrejou.fr\/","title":{"rendered":"Bienvenue"},"content":{"rendered":"\n<p>L&rsquo;Abrejou, chambre d&rsquo;h\u00f4te ind\u00e9pendante, au nord de l&rsquo;Auvergne, proche de la Bourgogne du Sud, est situ\u00e9e en peine nature. <span style=\"font-size: revert; background-color: var(--wp--custom--color--background); color: var(--wp--custom--color--foreground); font-family: var(--wp--preset--font-family--dm-sans);\">Marie-Odile et Marc vous y accueillent avec plaisir de fin avril \u00e0 septembre.<\/span><\/p>\n\n\n\n<figure class=\"wp-block-image size-large\"><img loading=\"lazy\" decoding=\"async\" width=\"768\" height=\"1024\" src=\"https:\/\/abrejou.fr\/wp-content\/uploads\/2023\/05\/DSC08135-768x1024.jpg\" alt=\"\" class=\"wp-image-59\" srcset=\"https:\/\/abrejou.fr\/wp-content\/uploads\/2023\/05\/DSC08135-768x1024.jpg 768w, https:\/\/abrejou.fr\/wp-content\/uploads\/2023\/05\/DSC08135-225x300.jpg 225w, https:\/\/abrejou.fr\/wp-content\/uploads\/2023\/05\/DSC08135-1152x1536.jpg 1152w, https:\/\/abrejou.fr\/wp-content\/uploads\/2023\/05\/DSC08135-1536x2048.jpg 1536w, https:\/\/abrejou.fr\/wp-content\/uploads\/2023\/05\/DSC08135-scaled.jpg 1920w\" sizes=\"auto, (max-width: 768px) 100vw, 768px\" \/><\/figure>\n\n\n\n<p><\/p>\n\n\n\n<ul class=\"wp-block-list\">\n<li><a href=\"https:\/\/abrejou.fr\/?page_id=8\">Visite<\/a> <\/li>\n\n\n\n<li><a href=\"https:\/\/abrejou.fr\/?page_id=92\">Tarifs<\/a><\/li>\n\n\n\n<li><a href=\"https:\/\/abrejou.fr\/?page_id=10\" target=\"_blank\" rel=\"noreferrer noopener\">Disponibilit\u00e9s<\/a><\/li>\n\n\n\n<li><a rel=\"noreferrer noopener\" href=\"https:\/\/abrejou.fr\/?page_id=14\" target=\"_blank\">Contact<\/a><\/li>\n<\/ul>\n","protected":false},"excerpt":{"rendered":"<p>L&rsquo;Abrejou, chambre d&rsquo;h\u00f4te ind\u00e9pendante, au nord de l&rsquo;Auvergne, proche de la Bourgogne du Sud, est situ\u00e9e en peine nature. Marie-Odile et Marc vous y accueillent avec plaisir de fin avril \u00e0 septembre.<\/p>\n","protected":false},"author":1,"featured_media":0,"parent":0,"menu_order":0,"comment_status":"closed","ping_status":"closed","template":"","meta":{"footnotes":""},"class_list":["post-82","page","type-page","status-publish","hentry"],"_links":{"self":[{"href":"https:\/\/abrejou.fr\/index.php?rest_route=\/wp\/v2\/pages\/82","targetHints":{"allow":["GET"]}}],"collection":[{"href":"https:\/\/abrejou.fr\/index.php?rest_route=\/wp\/v2\/pages"}],"about":[{"href":"https:\/\/abrejou.fr\/index.php?rest_route=\/wp\/v2\/types\/page"}],"author":[{"embeddable":true,"href":"https:\/\/abrejou.fr\/index.php?rest_route=\/wp\/v2\/users\/1"}],"replies":[{"embeddable":true,"href":"https:\/\/abrejou.fr\/index.php?rest_route=%2Fwp%2Fv2%2Fcomments&post=82"}],"version-history":[{"count":3,"href":"https:\/\/abrejou.fr\/index.php?rest_route=\/wp\/v2\/pages\/82\/revisions"}],"predecessor-version":[{"id":97,"href":"https:\/\/abrejou.fr\/index.php?rest_route=\/wp\/v2\/pages\/82\/revisions\/97"}],"wp:attachment":[{"href":"https:\/\/abrejou.fr\/index.php?rest_route=%2Fwp%2Fv2%2Fmedia&parent=82"}],"curies":[{"name":"wp","href":"https:\/\/api.w.org\/{rel}","templated":true}]}}